{"id":670,"date":"2020-03-21T12:56:55","date_gmt":"2020-03-21T12:56:55","guid":{"rendered":"http:\/\/www.cavilat.udl.cat\/?page_id=670"},"modified":"2020-03-23T16:51:10","modified_gmt":"2020-03-23T16:51:10","slug":"legal","status":"publish","type":"page","link":"http:\/\/www.cavilat.udl.cat\/?page_id=670","title":{"rendered":"Legal"},"content":{"rendered":"\n<p>CONDICIONES GENERALES DE USO DEL PORTAL<\/p>\n\n\n\n<p>La Universitat de Lleida (UDL) le informa que el acceso y\nuso de la p\u00e1gina Web www.cavilat.eu&nbsp;y&nbsp;todos los subdominios y\ndirectorios incluidos bajo la misma (en adelante, conjuntamente denominados\ncomo el Portal) est\u00e1n sujetos a los t\u00e9rminos que se detallan en este Aviso\nLegal, sin perjuicio de que el acceso a alguno de dichos servicios o contenidos\npudieran precisar de la aceptaci\u00f3n de unas Condiciones Generales adicionales.<\/p>\n\n\n\n<p>La UDL se reserva el derecho a realizar cambios en el\nPortal sin previo aviso, con el objeto de actualizar, corregir, modificar,\na\u00f1adir o eliminar los contenidos o el dise\u00f1o. Debido a que la actualizaci\u00f3n de\nla informaci\u00f3n no es inmediata, le sugerimos que compruebe siempre la vigencia\ny exactitud de la informaci\u00f3n, servicios y contenidos presentados. Asimismo,\nlas condiciones y t\u00e9rminos que se recogen en el presente Aviso pueden variar,\npor lo que le invitamos a que revise estos t\u00e9rminos cuando visite de nuevo el\nPortal.<\/p>\n\n\n\n<p>La UDL no se hace responsable de los da\u00f1os y perjuicios que\npudiera ocasionar la utilizaci\u00f3n de las herramientas e informaciones contenidas\nen el Portal en relaci\u00f3n con la adopci\u00f3n de decisiones sobre el inicio,\ndesarrollo o resultado de procedimientos administrativos. Tales decisiones\ndeben ser contrastadas en los centros, organismos o dependencias competentes.\nEn cualquier caso, la informaci\u00f3n y contenidos de esta Web no podr\u00e1 ser alegada\nen procesos contradictorios con la Administraci\u00f3n P\u00fablica, no asumiendo\nresponsabilidad alguna por las discrepancias que pudiesen existir entre los documentos\nimpresos de la Administraci\u00f3n competente y la publicaci\u00f3n electr\u00f3nica en estas\np\u00e1ginas.<\/p>\n\n\n\n<p>DERECHOS DE PROPIEDAD INTELECTUAL Y DE PROPIEDAD INDUSTRIAL<\/p>\n\n\n\n<p>Tanto el dise\u00f1o del Portal y sus c\u00f3digos fuente, como los\nlogos, marcas, y dem\u00e1s signos distintivos que aparecen en el mismo, pertenecen a\nla UDL o entidades colaboradoras y est\u00e1n protegidos por los correspondientes\nderechos de propiedad intelectual e industrial.<\/p>\n\n\n\n<p>La informaci\u00f3n disponible en este sitio Web, salvo\nindicaci\u00f3n expresa en contrario, es susceptible de reutilizaci\u00f3n; quedando\nautorizada su reproducci\u00f3n total o parcial, modificaci\u00f3n, distribuci\u00f3n y\ncomunicaci\u00f3n, para usos comerciales y no comerciales, con sujeci\u00f3n a las\nsiguientes condiciones:<\/p>\n\n\n\n<p>Queda prohibida, en cualquier circunstancia, la desnaturalizaci\u00f3n\ndel contenido de la informaci\u00f3n.<br>\nEl usuario queda obligado a citar la fuente de los documentos objeto de la\nreutilizaci\u00f3n.<br>\nEl usuario queda obligado a mencionar la fecha de la \u00faltima actualizaci\u00f3n de\nlos documentos objeto de la reutilizaci\u00f3n.<br>\nLa UDL declara su respeto a los derechos de propiedad intelectual e industrial\nde terceros; por ello, si considera que este sitio pudiera estar violando sus\nderechos, rogamos se ponga en contacto con la UDL.<\/p>\n\n\n\n<p>LINKS O HIPERENLACES<\/p>\n\n\n\n<p>Los usuarios que se propongan establecer un hiperenlace\nentre su p\u00e1gina Web y este Portal deber\u00e1n tener en cuenta lo siguiente:<\/p>\n\n\n\n<p>1. El establecimiento del hiperenlace no implica, en ning\u00fan\ncaso, la existencia de relaciones entre la UDL y el propietario de la p\u00e1gina\nWeb, ni la aceptaci\u00f3n y aprobaci\u00f3n por parte de la UDL de sus contenidos o\nservicios. Por tanto, no se declarar\u00e1 ni se dar\u00e1 a entender que la UDL ha\nautorizado expresamente el hiperenlace, ni que ha supervisado o asumido los\ncontenidos y servicios ofrecidos o puestos a disposici\u00f3n en dicha p\u00e1gina Web.<\/p>\n\n\n\n<p>2. La UDL no se responsabiliza ni garantiza la calidad,\nexactitud, fiabilidad, correcci\u00f3n o moralidad de contenidos o servicios que el\nestablecimiento del hiperenlace pueda ofrecer. El usuario asume bajo su\nexclusiva responsabilidad las consecuencias, da\u00f1os o acciones que se pudieran\nderivar del acceso a la p\u00e1gina Web del hiperenlace.<\/p>\n\n\n\n<p>3. La p\u00e1gina Web en la que se establezca el hiperenlace no\npodr\u00e1 contener ninguna marca, denominaci\u00f3n, logotipo, eslogan u otros signos\ndistintivos pertenecientes a la UDL, excepto aquellos signos que formen parte\ndel mismo hiperenlace.<\/p>\n\n\n\n<p>4. La p\u00e1gina Web en la que se establezca el hiperenlace no\ncontendr\u00e1 informaciones con contenidos il\u00edcitos, contrarios a la moral y a las\nbuenas costumbres generalmente aceptadas y al orden p\u00fablico, as\u00ed como tampoco\ncontendr\u00e1 contenidos contrarios a derechos de terceros.<\/p>\n\n\n\n<p>FRAMES<\/p>\n\n\n\n<p>La UDL proh\u00edbe expresamente la realizaci\u00f3n de \u201cframings\u201d o\nla utilizaci\u00f3n por parte de terceros de cualesquiera otros mecanismos que\nalteren el dise\u00f1o, configuraci\u00f3n original o contenidos de su Portal.<\/p>\n\n\n\n<p>PRIVACIDAD<\/p>\n\n\n\n<p>De acuerdo con la Ley Org\u00e1nica 15\/1999 de 13 de diciembre\nde Protecci\u00f3n de Datos de Car\u00e1cter Personal, la UDL se compromete al\ncumplimiento de su obligaci\u00f3n de secreto con respecto a los datos de car\u00e1cter\npersonal y al deber de tratarlos con confidencialidad. A estos efectos,\nadoptar\u00e1 las medidas necesarias para evitar su alteraci\u00f3n, p\u00e9rdida, tratamiento\no acceso no autorizado.<\/p>\n\n\n\n<p>LEY APLICABLE Y JURISDICCI\u00d3N<\/p>\n\n\n\n<p>La ley aplicable en caso de disputa o conflicto de\ninterpretaci\u00f3n de los t\u00e9rminos que conforman este Aviso Legal, as\u00ed como\ncualquier cuesti\u00f3n relacionada con los servicios del presente Portal, ser\u00e1 la\nley espa\u00f1ola.<\/p>\n\n\n\n<p>Para la resoluci\u00f3n de cualquier conflicto que pueda surgir\ncon ocasi\u00f3n de la visita al Portal o del uso de los servicios que en \u00e9l se\npuedan ofertar, la UDL y el Usuario acuerdan someterse a los Jueces y\nTribunales de domicilio del Usuario, siempre que el mismo est\u00e9 situado en\nterritorio espa\u00f1ol.<\/p>\n","protected":false},"excerpt":{"rendered":"<p>CONDICIONES GENERALES DE USO DEL PORTAL La Universitat de Lleida (UDL) le informa que el acceso y uso de la [&hellip;]<\/p>\n","protected":false},"author":2,"featured_media":0,"parent":0,"menu_order":0,"comment_status":"closed","ping_status":"closed","template":"","meta":{"_monsterinsights_skip_tracking":false,"_monsterinsights_sitenote_active":false,"_monsterinsights_sitenote_note":"","_monsterinsights_sitenote_category":0},"_links":{"self":[{"href":"http:\/\/www.cavilat.udl.cat\/index.php?rest_route=\/wp\/v2\/pages\/670"}],"collection":[{"href":"http:\/\/www.cavilat.udl.cat\/index.php?rest_route=\/wp\/v2\/pages"}],"about":[{"href":"http:\/\/www.cavilat.udl.cat\/index.php?rest_route=\/wp\/v2\/types\/page"}],"author":[{"embeddable":true,"href":"http:\/\/www.cavilat.udl.cat\/index.php?rest_route=\/wp\/v2\/users\/2"}],"replies":[{"embeddable":true,"href":"http:\/\/www.cavilat.udl.cat\/index.php?rest_route=%2Fwp%2Fv2%2Fcomments&post=670"}],"version-history":[{"count":0,"href":"http:\/\/www.cavilat.udl.cat\/index.php?rest_route=\/wp\/v2\/pages\/670\/revisions"}],"wp:attachment":[{"href":"http:\/\/www.cavilat.udl.cat\/index.php?rest_route=%2Fwp%2Fv2%2Fmedia&parent=670"}],"curies":[{"name":"wp","href":"https:\/\/api.w.org\/{rel}","templated":true}]}}