{"id":1192,"date":"2021-01-25T12:43:47","date_gmt":"2021-01-25T12:43:47","guid":{"rendered":"http:\/\/www.cavilat.udl.cat\/?page_id=1192"},"modified":"2021-01-26T10:48:31","modified_gmt":"2021-01-26T10:48:31","slug":"cuenca-hidrografica","status":"publish","type":"page","link":"http:\/\/www.cavilat.udl.cat\/?page_id=1192","title":{"rendered":"R\u00edo Garona"},"content":{"rendered":"<div id=\"pl-1192\"  class=\"panel-layout\" ><div id=\"pg-1192-0\"  class=\"panel-grid panel-no-style\" ><div id=\"pgc-1192-0-0\"  class=\"panel-grid-cell\" ><div id=\"panel-1192-0-0-0\" class=\"widget_text so-panel widget widget_custom_html panel-first-child\" data-index=\"0\" ><div class=\"textwidget custom-html-widget\"><!doctype html>\n<html lang=\"en\">\n  <head>\n    <link rel=\"stylesheet\" href=\"https:\/\/openlayers.org\/en\/v4.6.5\/css\/ol.css\" type=\"text\/css\">\n    <style>\n      .map {\n        height: 400px;\n        width: 100%;\n      }\n    <\/style>\n    <script src=\"https:\/\/openlayers.org\/en\/v4.6.5\/build\/ol.js\" type=\"text\/javascript\"><\/script>\n    <title>OpenLayers & Jawg example<\/title>\n  <\/head>\n  <body>\n     <div id=\"map\" class=\"map\"><\/div>\n    <script type=\"text\/javascript\">\n      var map = new ol.Map({\n        target: 'map',\n        layers: [\n          new ol.layer.Tile({\n            source: new ol.source.XYZ({\n              url: 'https:\/\/tile.jawg.io\/jawg-terrain\/{z}\/{x}\/{y}.png?access-token=uI8FmmbzdUZ08PeRVbsGtpKuhi75S7BChzudp76HgWTErQ0PACCsD9nybiL4cQ3N'\n            })\n          })\n        ],\n        view: new ol.View({\n          center: ol.proj.fromLonLat([0.8085, 42.7350]),\n          zoom: 12\n        })\n      });\n    <\/script>\n  <\/body>\n<\/html><\/div><\/div><div id=\"panel-1192-0-0-1\" class=\"so-panel widget widget_text\" data-index=\"1\" >\t\t\t<div class=\"textwidget\"><p>El r\u00edo Garona nace a 1.870 metros de altitud al noroeste del Pirineo catal\u00e1n, en la comarca del Valle de Ar\u00e1n, y desemboca en el oc\u00e9ano Atl\u00e1ntico, en el estuario de La Gironda (Francia). Recorre 647 Km y su cuenca hidrogr\u00e1fica es de 55.000 km\u00b2, de los cuales el 1 % (578 km\u00b2) est\u00e1n en territorio espa\u00f1ol. Se estima que si no existiesen consumos de agua en la parte alta del Garona, el recurso h\u00eddrico medio en la cuenca en la frontera francesa ser\u00eda del orden de 607,32 hm\u00b3\/a\u00f1o (19,26 m\u00b3\/s).<\/p>\n<p>El r\u00e9gimen hidrol\u00f3gico natural de la cuenca responde a un comportamiento de tipo nivopluvial con su periodo de aguas altas entre abril y julio y el de bajas entre diciembre y marzo, coincidiendo con la \u00e9poca m\u00e1s fr\u00eda. El r\u00e9gimen mensual medio del r\u00edo presenta un comportamiento similar en todos los tramos de su recorrido. Los mayores caudales se presentan entre abril y julio, registrando los m\u00e1ximos a finales de la primavera con 110 hm\u00b3\/mes. En los meses de verano se observan aportaciones moderadas que se mantienen constantes gracias al deshielo. El periodo de aguas bajas se presenta entre los meses de diciembre y marzo, descendiendo hasta los 21 hm\u00b3\/mes en febrero, periodo que coincide con la fase de acumulaci\u00f3n de las precipitaciones en forma de nieve.<\/p>\n<p>La mayor aportaci\u00f3n de agua se produce en el tramo medio de la cuenca, desde la desembocadura del r\u00edo Valarties hasta Boss\u00f2st, con las aportaciones de los r\u00edos Nere, Varrad\u00f2s y Joeu.<\/p>\n<p>El caudal medio registrado en la estaci\u00f3n de Art\u00edes entre 1950 y 1991 es de 2,89 m\u00b3\/s, que supone una aportaci\u00f3n media anual de 88,90 hm\u00b3\/a\u00f1o. El caudal medio en Boss\u00f2st, aguas abajo de r\u00edo Joeu, medido desde 1964 hasta 1981, es de 19,33 m\u00b3\/s, lo que equivale a una aportaci\u00f3n de 594,36 hm\u00b3\/a\u00f1o.<\/p>\n<\/div>\n\t\t<\/div><div id=\"panel-1192-0-0-2\" class=\"widget_text so-panel widget widget_custom_html\" data-index=\"2\" ><div class=\"textwidget custom-html-widget\"><p><a href=\"ftp:\/\/oph.chebro.es:2121\/BulkDATA\/DOCUMENTACION\/DirectivaMarco\/Garona\/DocumPrevia%202008.pdf\">M\u00e1s informaci\u00f3n sobre las caracter\u00edsticas hidrogr\u00e1ficas de la cuenca del Garona<\/a><\/p><\/div><\/div><div id=\"panel-1192-0-0-3\" class=\"so-panel widget widget_themegrill_flash_image tg-widget tg-image-widget\" data-index=\"3\" >\t<img src=\"http:\/\/www.cavilat.udl.cat\/wp-content\/uploads\/2020\/03\/DSC03070a.jpg\" \/>\n<\/div><div id=\"panel-1192-0-0-4\" class=\"so-panel widget widget_text panel-last-child\" data-index=\"4\" >\t\t\t<div class=\"textwidget\"><p>&nbsp;<\/p>\n<p>Cada primavera se producen incrementos de caudal de los r\u00edos del Valle de Ar\u00e1n como consecuencia del deshielo, pero un episodio de intensas lluvias combinado con una gran cantidad de nieve acumulada en las monta\u00f1as produjo el 18 de junio de 2013 unas fuertes riadas. La vida en el valle qued\u00f3 paralizada por el desbordamiento del r\u00edo Garona y algunos de sus afluentes, causando da\u00f1os importantes en infraestructuras. Muchas de estas infraestructuras se construyeron en el mismo cauce del r\u00edo Garona durante las \u00faltimas d\u00e9cadas y este hecho agrav\u00f3 los efectos de los caudales extremos. El canal fluvial encajado no pudo retener el agua y en muchos puntos el Garona se desbord\u00f3 inundando algunas zonas. En otras zonas, la fuerza de la corriente del agua incrementada por las canalizaciones del r\u00edo y las escolleras provocaron la rotura de puentes y diques, excavaci\u00f3n de los prados ribere\u00f1os, etc.<\/p>\n<p>Aunque la actividad humana en los r\u00edos incrementa la intensidad de las riadas, se trata de fen\u00f3menos naturales que se producen cada cierto n\u00famero de a\u00f1os. Por lo tanto, si bien las comunidades biol\u00f3gicas pueden resultar afectadas, estas comunidades tienen mecanismos adaptativos para superar este tipo de perturbaciones.<\/p>\n<p><img loading=\"lazy\" class=\"alignnone size-full wp-image-739\" src=\"http:\/\/www.cavilat.udl.cat\/wp-content\/uploads\/2020\/03\/DSC02135.jpeg\" alt=\"\" width=\"722\" height=\"480\" srcset=\"http:\/\/www.cavilat.udl.cat\/wp-content\/uploads\/2020\/03\/DSC02135.jpeg 722w, http:\/\/www.cavilat.udl.cat\/wp-content\/uploads\/2020\/03\/DSC02135-300x199.jpeg 300w\" sizes=\"(max-width: 722px) 100vw, 722px\" \/><\/p>\n<\/div>\n\t\t<\/div><\/div><\/div><\/div>","protected":false},"excerpt":{"rendered":"<p>El r\u00edo Garona nace a 1.870 metros de altitud al noroeste del Pirineo catal\u00e1n, en la comarca del Valle de [&hellip;]<\/p>\n","protected":false},"author":2,"featured_media":0,"parent":0,"menu_order":0,"comment_status":"closed","ping_status":"closed","template":"","meta":{"_monsterinsights_skip_tracking":false,"_monsterinsights_sitenote_active":false,"_monsterinsights_sitenote_note":"","_monsterinsights_sitenote_category":0},"_links":{"self":[{"href":"http:\/\/www.cavilat.udl.cat\/index.php?rest_route=\/wp\/v2\/pages\/1192"}],"collection":[{"href":"http:\/\/www.cavilat.udl.cat\/index.php?rest_route=\/wp\/v2\/pages"}],"about":[{"href":"http:\/\/www.cavilat.udl.cat\/index.php?rest_route=\/wp\/v2\/types\/page"}],"author":[{"embeddable":true,"href":"http:\/\/www.cavilat.udl.cat\/index.php?rest_route=\/wp\/v2\/users\/2"}],"replies":[{"embeddable":true,"href":"http:\/\/www.cavilat.udl.cat\/index.php?rest_route=%2Fwp%2Fv2%2Fcomments&post=1192"}],"version-history":[{"count":24,"href":"http:\/\/www.cavilat.udl.cat\/index.php?rest_route=\/wp\/v2\/pages\/1192\/revisions"}],"predecessor-version":[{"id":1285,"href":"http:\/\/www.cavilat.udl.cat\/index.php?rest_route=\/wp\/v2\/pages\/1192\/revisions\/1285"}],"wp:attachment":[{"href":"http:\/\/www.cavilat.udl.cat\/index.php?rest_route=%2Fwp%2Fv2%2Fmedia&parent=1192"}],"curies":[{"name":"wp","href":"https:\/\/api.w.org\/{rel}","templated":true}]}}