{"id":1045,"date":"2020-03-30T17:59:34","date_gmt":"2020-03-30T17:59:34","guid":{"rendered":"http:\/\/www.cavilat.udl.cat\/?page_id=1045"},"modified":"2021-02-26T16:44:33","modified_gmt":"2021-02-26T16:44:33","slug":"ictiofauna","status":"publish","type":"page","link":"http:\/\/www.cavilat.udl.cat\/?page_id=1045","title":{"rendered":"Ictiofauna"},"content":{"rendered":"<p>Las dos especies de peces aut\u00f3ctonas de la cuenca del r\u00edo Garona son la trucha com\u00fan (<em>Salmo trutta<\/em>) y el cavilat (<em>Cottus hispaniolensis<\/em>). Tambi\u00e9n est\u00e1 presente una especie introducida, el piscardo (<em>Phoxinus<\/em> sp.), principalmente en los lagos de alta monta\u00f1a y en algunos embalses como el de Aiguam\u00f2g. El cavilat est\u00e1 incluido en el Anexo I (Especies en peligro de extinci\u00f3n) del Real Decreto 439\/1990, de 30 de marzo de 1990, por el cual se regula el Cat\u00e1logo nacional de especies amenazadas.<\/p>\n<p>La especie dominante es la trucha, ampliamente distribuida por toda la red hidrogr\u00e1fica de la cuenca, desde el tramo final del r\u00edo antes de cruzar la frontera francesa hasta los lagos de alta monta\u00f1a, incluidos todos los tributarios. El cavilat est\u00e1 presente principalmente en el eje principal del Garona, y en los afluentes cerca de su confluencia con el r\u00edo principal. Ambas especies tienen estrictos requerimientos ambientales, y s\u00f3lo se encuentran en zonas de buena calidad del agua y del h\u00e1bitat.<\/p>\n<p>La abundancia de trucha depende de varios factores como la profundidad media, la velocidad del agua y la presencia de refugios. Las preferencias de h\u00e1bitat del cavilat no est\u00e1n estudiadas, pero probablemente sean parecidas a las de especies pr\u00f3ximas como el <em>Cottus gobio. <\/em>Esta especie selecciona los espacios intersticiales entre piedras en las zonas someras de r\u00e1pidos y tablas. Los juveniles parecen tener preferencia por los restos vegetales (hojarasca, ramas y troncos).<\/p>\n<figure id=\"attachment_802\" aria-describedby=\"caption-attachment-802\" style=\"width: 300px\" class=\"wp-caption aligncenter\"><img loading=\"lazy\" class=\"wp-image-802 size-medium\" src=\"http:\/\/www.cavilat.udl.cat\/wp-content\/uploads\/2020\/03\/Salmo-trutta2-300x98.jpg\" alt=\"\" width=\"300\" height=\"98\" srcset=\"http:\/\/www.cavilat.udl.cat\/wp-content\/uploads\/2020\/03\/Salmo-trutta2-300x98.jpg 300w, http:\/\/www.cavilat.udl.cat\/wp-content\/uploads\/2020\/03\/Salmo-trutta2.jpg 500w\" sizes=\"(max-width: 300px) 100vw, 300px\" \/><figcaption id=\"caption-attachment-802\" class=\"wp-caption-text\">Trucha (Salmo trutta)<\/figcaption><\/figure>\n<p>La trucha com\u00fan pertenece a la familia de los salm\u00f3nidos y es la especie m\u00e1s ampliamente distribuida en los r\u00edos del Valle de Aran. Tiene una una boca terminal con una gran mand\u00edbula que se extiende hasta el margen posterior de los ojos. La coloraci\u00f3n es variable, generalmente la parte superior del cuerpo es de un color verde oliva con la parte ventral de color blanquecino o amarillo. A los lados tienen muchas manchas de color negro y rojo, rodeadas a veces de un c\u00edrculo de color claro. Las truchas juveniles tienen menos puntos que los adultos, pero presentan unos grandes \u00f3valos oscuros distribuidos longitudinalmente por el cuerpo. Estas marcas desaparecen a medida que envejecen. Los machos tienen la cabeza m\u00e1s grande que las hembras, mientras que las hembras presentan un abdomen m\u00e1s grande.<\/p>\n<p>El h\u00e1bitat preferido de la trucha son los r\u00edos de monta\u00f1a, aunque tambi\u00e9n se puede encontrar en los lagos. Los alevines se encuentran normalmente en las aguas poco profundas, mientras que los adultos buscan zonas del r\u00edo con mayor profundidad. Los sustratos preferidos son fondos rocosos que proporcionan cobertura.<\/p>\n<figure id=\"attachment_803\" aria-describedby=\"caption-attachment-803\" style=\"width: 300px\" class=\"wp-caption aligncenter\"><img loading=\"lazy\" class=\"wp-image-803 size-medium\" src=\"http:\/\/www.cavilat.udl.cat\/wp-content\/uploads\/2020\/03\/Cavilat3-300x68.jpg\" alt=\"\" width=\"300\" height=\"68\" srcset=\"http:\/\/www.cavilat.udl.cat\/wp-content\/uploads\/2020\/03\/Cavilat3-300x68.jpg 300w, http:\/\/www.cavilat.udl.cat\/wp-content\/uploads\/2020\/03\/Cavilat3.jpg 400w\" sizes=\"(max-width: 300px) 100vw, 300px\" \/><figcaption id=\"caption-attachment-803\" class=\"wp-caption-text\">Cavilat (Cottus hispaniolensis)<\/figcaption><\/figure>\n<p>El cavilat es un pez peque\u00f1o que pertenece a la familia de los c\u00f3tidos. Tiene una cabeza ancha con los ojos situados en la parte superior. Destacan sus grandes aletas pectorales redondeadas. La coloraci\u00f3n presenta manchas irregulares, de color marr\u00f3n oscuro al dorso y los lados, con el vientre blanquecino. Las aletas p\u00e9lvicas presentan unas rayas transversales que diferencian esta especie de otras especies del g\u00e9nero Cottus.<\/p>\n<p>Se reproduce en primavera en fondos pedregosos. Los huevos son depositados por varias hembras en un nido preparado por el macho bajo una piedra. El macho protege los huevos hasta que se produce la eclosi\u00f3n al cabo de unas 4 semanas. Se alimenta de larvas de insectos y otros invertebrados bent\u00f3nicos.<\/p>\n<p>El cavilat es end\u00e9mico de la cuenca del Garona y se distribuye en unas pocas localidades de esta cuenca tanto en el Valle de Aran como en la vertiente francesa.<\/p>\n","protected":false},"excerpt":{"rendered":"<p>Las dos especies de peces aut\u00f3ctonas de la cuenca del r\u00edo Garona son la trucha com\u00fan (Salmo trutta) y el [&hellip;]<\/p>\n","protected":false},"author":2,"featured_media":807,"parent":0,"menu_order":0,"comment_status":"closed","ping_status":"closed","template":"","meta":{"_monsterinsights_skip_tracking":false,"_monsterinsights_sitenote_active":false,"_monsterinsights_sitenote_note":"","_monsterinsights_sitenote_category":0},"_links":{"self":[{"href":"http:\/\/www.cavilat.udl.cat\/index.php?rest_route=\/wp\/v2\/pages\/1045"}],"collection":[{"href":"http:\/\/www.cavilat.udl.cat\/index.php?rest_route=\/wp\/v2\/pages"}],"about":[{"href":"http:\/\/www.cavilat.udl.cat\/index.php?rest_route=\/wp\/v2\/types\/page"}],"author":[{"embeddable":true,"href":"http:\/\/www.cavilat.udl.cat\/index.php?rest_route=\/wp\/v2\/users\/2"}],"replies":[{"embeddable":true,"href":"http:\/\/www.cavilat.udl.cat\/index.php?rest_route=%2Fwp%2Fv2%2Fcomments&post=1045"}],"version-history":[{"count":2,"href":"http:\/\/www.cavilat.udl.cat\/index.php?rest_route=\/wp\/v2\/pages\/1045\/revisions"}],"predecessor-version":[{"id":1296,"href":"http:\/\/www.cavilat.udl.cat\/index.php?rest_route=\/wp\/v2\/pages\/1045\/revisions\/1296"}],"wp:featuredmedia":[{"embeddable":true,"href":"http:\/\/www.cavilat.udl.cat\/index.php?rest_route=\/wp\/v2\/media\/807"}],"wp:attachment":[{"href":"http:\/\/www.cavilat.udl.cat\/index.php?rest_route=%2Fwp%2Fv2%2Fmedia&parent=1045"}],"curies":[{"name":"wp","href":"https:\/\/api.w.org\/{rel}","templated":true}]}}