{"id":1023,"date":"2020-03-30T17:34:34","date_gmt":"2020-03-30T17:34:34","guid":{"rendered":"http:\/\/www.cavilat.udl.cat\/?page_id=1023"},"modified":"2021-01-26T10:34:43","modified_gmt":"2021-01-26T10:34:43","slug":"acciones","status":"publish","type":"page","link":"http:\/\/www.cavilat.udl.cat\/?page_id=1023","title":{"rendered":"Acciones del proyecto"},"content":{"rendered":"\n<p><strong>Delimitaci\u00f3n precisa del \u00e1rea de distribuci\u00f3n del cavilat (<em>Cottus hispaniolensis<\/em>) en Espa\u00f1a<\/strong><\/p>\n<ul>\n<li>A1. Cartograf\u00eda detallada (100 x 100 m) de la distribuci\u00f3n actual del cavilat<\/li>\n<li>A2. Elaboraci\u00f3n de las curvas de preferencia de h\u00e1bitat del cavilat<\/li>\n<li>A3. Delimitaci\u00f3n del \u00e1rea de distribuci\u00f3n potencial del cavilat y an\u00e1lisis de la influencia de diferentes escenarios de cambio clim\u00e1tico<\/li>\n<\/ul>\n<p><strong>Evaluaci\u00f3n de la conectividad fluvial en el \u00e1rea de distribuci\u00f3n del cavilat y an\u00e1lisis de la fragmentaci\u00f3n actual de sus poblaciones<\/strong><\/p>\n<ul>\n<li>A4. Inventario de barreras a la continuidad fluvial en el \u00e1rea del cavilat<\/li>\n<li>A5. An\u00e1lisis de la fragmentaci\u00f3n gen\u00e9tica de la poblaci\u00f3n espa\u00f1ola de cavilat<\/li>\n<\/ul>\n<p><strong>Evaluaci\u00f3n y actualizaci\u00f3n del estado de conservaci\u00f3n del cavilat<\/strong><\/p>\n<ul>\n<li>A6. Censos cuantitativos de la poblaci\u00f3n de cavilat<\/li>\n<li>A7. Protocolo para actuaciones de translocaci\u00f3n y repoblaci\u00f3n de cavilats<\/li>\n<\/ul>\n<p><strong>Potenciaci\u00f3n de la poblaci\u00f3n de cavilat en un tramo fluvial seleccionado mediante la implementaci\u00f3n de medidas de gesti\u00f3n del h\u00e1bitat f\u00edsico enfocadas a favorecer el \u00e9xito reproductor<\/strong><\/p>\n<ul>\n<li>A8. Mejora del h\u00e1bitat de cr\u00eda del cavilat: colocaci\u00f3n de estructuras artificiales para mejorar la calidad de los nidos y el \u00e9xito reproductor<\/li>\n<li>A9. Mantenimiento y seguimiento del uso de las estructuras de cr\u00eda<\/li>\n<\/ul>\n","protected":false},"excerpt":{"rendered":"","protected":false},"author":2,"featured_media":0,"parent":0,"menu_order":0,"comment_status":"closed","ping_status":"closed","template":"","meta":{"_monsterinsights_skip_tracking":false,"_monsterinsights_sitenote_active":false,"_monsterinsights_sitenote_note":"","_monsterinsights_sitenote_category":0},"_links":{"self":[{"href":"http:\/\/www.cavilat.udl.cat\/index.php?rest_route=\/wp\/v2\/pages\/1023"}],"collection":[{"href":"http:\/\/www.cavilat.udl.cat\/index.php?rest_route=\/wp\/v2\/pages"}],"about":[{"href":"http:\/\/www.cavilat.udl.cat\/index.php?rest_route=\/wp\/v2\/types\/page"}],"author":[{"embeddable":true,"href":"http:\/\/www.cavilat.udl.cat\/index.php?rest_route=\/wp\/v2\/users\/2"}],"replies":[{"embeddable":true,"href":"http:\/\/www.cavilat.udl.cat\/index.php?rest_route=%2Fwp%2Fv2%2Fcomments&post=1023"}],"version-history":[{"count":1,"href":"http:\/\/www.cavilat.udl.cat\/index.php?rest_route=\/wp\/v2\/pages\/1023\/revisions"}],"predecessor-version":[{"id":1279,"href":"http:\/\/www.cavilat.udl.cat\/index.php?rest_route=\/wp\/v2\/pages\/1023\/revisions\/1279"}],"wp:attachment":[{"href":"http:\/\/www.cavilat.udl.cat\/index.php?rest_route=%2Fwp%2Fv2%2Fmedia&parent=1023"}],"curies":[{"name":"wp","href":"https:\/\/api.w.org\/{rel}","templated":true}]}}